{"id":88,"date":"2025-12-27T19:47:56","date_gmt":"2025-12-27T18:47:56","guid":{"rendered":"https:\/\/eximluna.com\/startseite\/"},"modified":"2026-02-02T17:19:54","modified_gmt":"2026-02-02T16:19:54","slug":"startseite","status":"publish","type":"page","link":"https:\/\/eximluna.com\/ro\/","title":{"rendered":"Startseite"},"content":{"rendered":"<div class=\"et_pb_section_0 et_pb_section et_section_specialty et_pb_gutters3 et_block_section\"><div class=\"et_pb_row et_block_row\">\n<div class=\"et_pb_column_0 et_pb_column et_pb_specialty_column et_pb_column_1_2 et_block_column et_pb_css_mix_blend_mode_passthrough\">\n<div class=\"et_pb_row_inner_0 et_pb_row_inner et_block_row\">\n<div class=\"et_pb_column_inner_0 et_pb_column_inner et_pb_column et_pb_column_4_4 et-last-child et_block_column et_pb_css_mix_blend_mode_passthrough\">\n<div class=\"et_pb_text_0 et_pb_text et_pb_bg_layout_light et_pb_module et_block_module preset--module--divi-text--53fac924-1644-4f70-a8a0-435df3cf1c52\"><div class=\"et_pb_text_inner\"><h1>Eximluna\u00a0<\/h1>\n<\/div><\/div>\n\n<div class=\"et_pb_divider_0 et_pb_divider et_pb_space et_pb_divider_position_top et_pb_module preset--module--divi-divider--a9fcc5b1-74c5-43b4-b776-3e310da5f3e8\"><div class=\"et_pb_divider_internal\"><\/div><\/div>\n<\/div>\n<\/div>\n\n<div class=\"et_pb_row_inner_1 et_pb_row_inner et_block_row\">\n<div class=\"et_pb_column_inner_1 et_pb_column_inner et_pb_column et_pb_column_1_4 et-last-child et_block_column et_pb_css_mix_blend_mode_passthrough\">\n<div class=\"et_pb_text_1 et_pb_text et_pb_bg_layout_light et_pb_module et_block_module preset--module--divi-text--7262e956-c376-4aa6-9642-c413f71527d0\"><div class=\"et_pb_text_inner\"><p>Suntem specializa\u021bi \u00een importul \u0219i exportul fiabil de hran\u0103 de \u00eenalt\u0103 calitate pentru animale de companie \u0219i aprovizion\u0103m parteneri din \u00eentreaga Europ\u0103 \u00een mod eficient \u0219i sigur.<\/p>\n<\/div><\/div>\n\n<div class=\"et_pb_module et_pb_button_module_wrapper et_pb_button_0_wrapper\"><a class=\"et_pb_button_0 et_pb_button et_pb_bg_layout_light et_pb_module et_flex_module\" href=\"#about\" data-icon=\";\">Despre noi<\/a><\/div>\n<\/div>\n<\/div>\n<\/div>\n\n<div class=\"et_pb_column_1 et_pb_column et_pb_column_single et_pb_column_1_2 et-last-child et_block_column et_pb_css_mix_blend_mode_passthrough\">\n<div class=\"et_pb_image_0 et_pb_image et_pb_module et_block_module\"><span class=\"et_pb_image_wrap\"><img loading=\"lazy\" decoding=\"async\" src=\"https:\/\/eximluna.com\/wp-content\/uploads\/2025\/12\/logistics-5296666_1920.jpg\" title=\"logistics-5296666_1920\" width=\"776\" height=\"853\" srcset=\"https:\/\/eximluna.com\/wp-content\/uploads\/2025\/12\/logistics-5296666_1920.jpg 776w, https:\/\/eximluna.com\/wp-content\/uploads\/2025\/12\/logistics-5296666_1920-480x528.jpg 480w\" sizes=\"(min-width: 0px) and (max-width: 480px) 480px, (min-width: 481px) 776px, 100vw\" class=\"wp-image-44\" \/><\/span><\/div>\n\n<div class=\"et_pb_image_1 et_pb_image et_pb_module et_block_module\"><span class=\"et_pb_image_wrap\"><img loading=\"lazy\" decoding=\"async\" src=\"https:\/\/eximluna.com\/wp-content\/uploads\/2025\/12\/corporate_02.jpeg\" width=\"1280\" height=\"1506\" srcset=\"https:\/\/eximluna.com\/wp-content\/uploads\/2025\/12\/corporate_02.jpeg 1280w, https:\/\/eximluna.com\/wp-content\/uploads\/2025\/12\/corporate_02-980x1153.jpeg 980w, https:\/\/eximluna.com\/wp-content\/uploads\/2025\/12\/corporate_02-480x565.jpeg 480w\" sizes=\"(min-width: 0px) and (max-width: 480px) 480px, (min-width: 481px) and (max-width: 980px) 980px, (min-width: 981px) 1280px, 100vw\" class=\"wp-image-30\" title=\"corporate_02\" \/><\/span><\/div>\n<\/div>\n<\/div><\/div>\n\n<div class=\"et_pb_section_1 et_pb_section et_section_regular et_block_section\" id=\"about\">\n<div class=\"et_pb_row_0 et_pb_row et_pb_gutters4 et_block_row\">\n<div class=\"et_pb_column_2 et_pb_column et_pb_column_2_3 et_block_column et_pb_css_mix_blend_mode_passthrough\">\n<div class=\"et_pb_image_2 et_pb_image et_pb_module et_block_module\"><span class=\"et_pb_image_wrap\"><img loading=\"lazy\" decoding=\"async\" src=\"https:\/\/eximluna.com\/wp-content\/uploads\/2025\/12\/corporate_04.jpeg\" width=\"800\" height=\"621\" srcset=\"https:\/\/eximluna.com\/wp-content\/uploads\/2025\/12\/corporate_04.jpeg 800w, https:\/\/eximluna.com\/wp-content\/uploads\/2025\/12\/corporate_04-480x373.jpeg 480w\" sizes=\"(min-width: 0px) and (max-width: 480px) 480px, (min-width: 481px) 800px, 100vw\" class=\"wp-image-31\" title=\"corporate_04\" \/><\/span><\/div>\n\n<div class=\"et_pb_text_2 et_pb_text et_pb_bg_layout_light et_pb_module et_block_module preset--module--divi-text--22d0da71-6393-430b-a0cd-b77dd565e85c\"><div class=\"et_pb_text_inner\"><p data-start=\"0\" data-end=\"336\"><strong>Eximluna<\/strong> este o <strong>companie interna\u021bional\u0103 de import \u0219i export<\/strong> cu sediul \u00een Moldova. De aici ne gestion\u0103m activit\u0103\u021bile comerciale \u0219i conect\u0103m produc\u0103tori, furnizori \u0219i parteneri de afaceri din \u00eentreaga Europ\u0103. Ne concentr\u0103m pe solu\u021bii eficiente, sigure \u0219i transparente de import \u0219i export, adaptate individual nevoilor clien\u021bilor no\u0219tri.<\/p>\n<p data-start=\"338\" data-end=\"723\">Datorit\u0103 pozi\u021biei noastre strategice \u00een Moldova \u0219i a unei re\u021bele puternice europene, putem r\u0103spunde flexibil cerin\u021belor pie\u021bei \u0219i putem asigura lan\u021buri de aprovizionare fiabile. Calitatea, fiabilitatea \u0219i colaborarea partenerial\u0103 stau la baza activit\u0103\u021bii noastre. Punem un mare accent pe respectarea standardelor europene, precum \u0219i pe derularea f\u0103r\u0103 probleme a proceselor logistice.<\/p>\n<p data-start=\"725\" data-end=\"1006\" data-is-last-node=\"\" data-is-only-node=\"\">Echipa noastr\u0103 dedicat\u0103 are o experien\u021b\u0103 solid\u0103 \u00een comer\u021bul interna\u021bional \u0219i sprijin\u0103 clien\u021bii no\u0219tri de la planificare p\u00e2n\u0103 la implementarea cu succes. Eximluna reprezint\u0103 competen\u021b\u0103, \u00eencredere \u0219i rela\u021bii de afaceri durabile \u00een domeniul importului \u0219i exportului la nivel european.<\/p>\n<\/div><\/div>\n<\/div>\n\n<div class=\"et_pb_column_3 et_pb_column et_pb_column_1_3 et-last-child et_block_column et_pb_css_mix_blend_mode_passthrough\">\n<div class=\"et_pb_text_3 et_pb_text et_pb_bg_layout_light et_pb_module et_block_module preset--module--divi-text--003e9429-8e11-4d9e-968b-8881092bbf81\"><div class=\"et_pb_text_inner\"><h2>Despre noi<\/h2>\n<\/div><\/div>\n\n<div class=\"et_pb_divider_1 et_pb_divider et_pb_space et_pb_divider_position_top et_pb_module preset--module--divi-divider--ce0e852d-65f7-4b50-97d9-c94701b6b484\"><div class=\"et_pb_divider_internal\"><\/div><\/div>\n\n<div class=\"et_pb_image_3 et_pb_image et_pb_module et_block_module\"><span class=\"et_pb_image_wrap\"><img loading=\"lazy\" decoding=\"async\" src=\"https:\/\/eximluna.com\/wp-content\/uploads\/2025\/12\/corporate_05.jpeg\" width=\"800\" height=\"1089\" srcset=\"https:\/\/eximluna.com\/wp-content\/uploads\/2025\/12\/corporate_05.jpeg 800w, https:\/\/eximluna.com\/wp-content\/uploads\/2025\/12\/corporate_05-480x653.jpeg 480w\" sizes=\"(min-width: 0px) and (max-width: 480px) 480px, (min-width: 481px) 800px, 100vw\" class=\"wp-image-32\" title=\"corporate_05\" \/><\/span><\/div>\n<\/div>\n<\/div>\n<\/div>\n\n<div class=\"et_pb_section_2 et_pb_section et_section_regular et_block_section\">\n<div class=\"et_pb_row_1 et_pb_row et_pb_gutters3 et_block_row\">\n<div class=\"et_pb_column_4 et_pb_column et_pb_column_4_4 et-last-child et_block_column et_pb_css_mix_blend_mode_passthrough\">\n<div class=\"et_pb_text_4 et_pb_text et_pb_bg_layout_light et_pb_module et_flex_module preset--module--divi-text--53fac924-1644-4f70-a8a0-435df3cf1c52\"><div class=\"et_pb_text_inner\"><h2>Contacta\u021bi-ne<\/h2>\n<\/div><\/div>\n\n<div class=\"et_pb_module et_pb_button_module_wrapper et_pb_button_1_wrapper preset--module--divi-button--bdf23963-464b-4991-88aa-271cf8b45b57_wrapper\"><a class=\"et_pb_button_1 et_pb_button et_pb_bg_layout_light et_pb_module et_block_module preset--module--divi-button--bdf23963-464b-4991-88aa-271cf8b45b57\" href=\"\" data-icon=\"\ue090\">+373-62-147736<\/a><\/div>\n<\/div>\n<\/div>\n<\/div>","protected":false},"excerpt":{"rendered":"","protected":false},"author":3,"featured_media":0,"parent":0,"menu_order":0,"comment_status":"closed","ping_status":"closed","template":"","meta":{"footnotes":""},"class_list":["post-88","page","type-page","status-publish","hentry"],"yoast_head":"<!-- This site is optimized with the Yoast SEO plugin v26.6 - https:\/\/yoast.com\/wordpress\/plugins\/seo\/ -->\n<title>EximLuna - Import &amp; Export in ganz Europa<\/title>\n<meta name=\"robots\" content=\"noindex, follow, max-snippet:-1, max-image-preview:large, max-video-preview:-1\" \/>\n<meta property=\"og:locale\" content=\"ro_RO\" \/>\n<meta property=\"og:type\" content=\"article\" \/>\n<meta property=\"og:title\" content=\"EximLuna - Import &amp; Export in ganz Europa\" \/>\n<meta property=\"og:url\" content=\"https:\/\/eximluna.com\/ro\/\" \/>\n<meta property=\"og:site_name\" content=\"eximluna-com\" \/>\n<meta property=\"article:modified_time\" content=\"2026-02-02T16:19:54+00:00\" \/>\n<meta name=\"twitter:card\" content=\"summary_large_image\" \/>\n<script type=\"application\/ld+json\" class=\"yoast-schema-graph\">{\"@context\":\"https:\/\/schema.org\",\"@graph\":[{\"@type\":\"WebPage\",\"@id\":\"https:\/\/eximluna.com\/ro\/\",\"url\":\"https:\/\/eximluna.com\/ro\/\",\"name\":\"EximLuna - Import & Export in ganz Europa\",\"isPartOf\":{\"@id\":\"https:\/\/eximluna.com\/#website\"},\"datePublished\":\"2025-12-27T18:47:56+00:00\",\"dateModified\":\"2026-02-02T16:19:54+00:00\",\"breadcrumb\":{\"@id\":\"https:\/\/eximluna.com\/ro\/#breadcrumb\"},\"inLanguage\":\"ro-RO\",\"potentialAction\":[{\"@type\":\"ReadAction\",\"target\":[\"https:\/\/eximluna.com\/ro\/\"]}]},{\"@type\":\"BreadcrumbList\",\"@id\":\"https:\/\/eximluna.com\/ro\/#breadcrumb\",\"itemListElement\":[{\"@type\":\"ListItem\",\"position\":1,\"name\":\"Start\",\"item\":\"https:\/\/eximluna.com\/ro\/\"},{\"@type\":\"ListItem\",\"position\":2,\"name\":\"Startseite\"}]},{\"@type\":\"WebSite\",\"@id\":\"https:\/\/eximluna.com\/#website\",\"url\":\"https:\/\/eximluna.com\/\",\"name\":\"eximluna-com\",\"description\":\"\",\"potentialAction\":[{\"@type\":\"SearchAction\",\"target\":{\"@type\":\"EntryPoint\",\"urlTemplate\":\"https:\/\/eximluna.com\/?s={search_term_string}\"},\"query-input\":{\"@type\":\"PropertyValueSpecification\",\"valueRequired\":true,\"valueName\":\"search_term_string\"}}],\"inLanguage\":\"ro-RO\"}]}<\/script>\n<!-- \/ Yoast SEO plugin. -->","yoast_head_json":{"title":"EximLuna - Import & Export in ganz Europa","robots":{"index":"noindex","follow":"follow","max-snippet":"max-snippet:-1","max-image-preview":"max-image-preview:large","max-video-preview":"max-video-preview:-1"},"og_locale":"ro_RO","og_type":"article","og_title":"EximLuna - Import & Export in ganz Europa","og_url":"https:\/\/eximluna.com\/ro\/","og_site_name":"eximluna-com","article_modified_time":"2026-02-02T16:19:54+00:00","twitter_card":"summary_large_image","schema":{"@context":"https:\/\/schema.org","@graph":[{"@type":"WebPage","@id":"https:\/\/eximluna.com\/ro\/","url":"https:\/\/eximluna.com\/ro\/","name":"EximLuna - Import & Export in ganz Europa","isPartOf":{"@id":"https:\/\/eximluna.com\/#website"},"datePublished":"2025-12-27T18:47:56+00:00","dateModified":"2026-02-02T16:19:54+00:00","breadcrumb":{"@id":"https:\/\/eximluna.com\/ro\/#breadcrumb"},"inLanguage":"ro-RO","potentialAction":[{"@type":"ReadAction","target":["https:\/\/eximluna.com\/ro\/"]}]},{"@type":"BreadcrumbList","@id":"https:\/\/eximluna.com\/ro\/#breadcrumb","itemListElement":[{"@type":"ListItem","position":1,"name":"Start","item":"https:\/\/eximluna.com\/ro\/"},{"@type":"ListItem","position":2,"name":"Startseite"}]},{"@type":"WebSite","@id":"https:\/\/eximluna.com\/#website","url":"https:\/\/eximluna.com\/","name":"eximluna-com","description":"","potentialAction":[{"@type":"SearchAction","target":{"@type":"EntryPoint","urlTemplate":"https:\/\/eximluna.com\/?s={search_term_string}"},"query-input":{"@type":"PropertyValueSpecification","valueRequired":true,"valueName":"search_term_string"}}],"inLanguage":"ro-RO"}]}},"_links":{"self":[{"href":"https:\/\/eximluna.com\/ro\/wp-json\/wp\/v2\/pages\/88","targetHints":{"allow":["GET"]}}],"collection":[{"href":"https:\/\/eximluna.com\/ro\/wp-json\/wp\/v2\/pages"}],"about":[{"href":"https:\/\/eximluna.com\/ro\/wp-json\/wp\/v2\/types\/page"}],"author":[{"embeddable":true,"href":"https:\/\/eximluna.com\/ro\/wp-json\/wp\/v2\/users\/3"}],"replies":[{"embeddable":true,"href":"https:\/\/eximluna.com\/ro\/wp-json\/wp\/v2\/comments?post=88"}],"version-history":[{"count":3,"href":"https:\/\/eximluna.com\/ro\/wp-json\/wp\/v2\/pages\/88\/revisions"}],"predecessor-version":[{"id":110,"href":"https:\/\/eximluna.com\/ro\/wp-json\/wp\/v2\/pages\/88\/revisions\/110"}],"wp:attachment":[{"href":"https:\/\/eximluna.com\/ro\/wp-json\/wp\/v2\/media?parent=88"}],"curies":[{"name":"wp","href":"https:\/\/api.w.org\/{rel}","templated":true}]}}